{"id":310,"date":"2025-07-29T16:04:58","date_gmt":"2025-07-29T14:04:58","guid":{"rendered":"https:\/\/beta.crophealthab.com\/?page_id=310"},"modified":"2025-11-14T13:40:16","modified_gmt":"2025-11-14T12:40:16","slug":"flytande-godning","status":"publish","type":"page","link":"https:\/\/crophealthab.com\/en\/produkter\/godning\/green\/flytande-godning\/","title":{"rendered":"Liquid Fertilisation"},"content":{"rendered":"<div class=\"wp-block-group alignwide is-layout-flow wp-block-group-is-layout-flow\" style=\"padding-bottom:0\">\n<p class=\"has-medium-font-size wp-block-paragraph\" data-aos=\"fade-right\" data-aos-delay=\"500\">Liquid Fertilisation offers rapid and efficient nutrient supply directly via leaves or soil, strengthening the plant against stress and diseases, and accelerating recovery. <br>Several of our products are also enhanced with TransPlus+, which improves nutrient uptake and transport within the plant, whilst also contributing to increased biological activity in the growing medium.<\/p>\n<\/div>\n\n\n\n<div class=\"wp-block-group alignfull has-global-padding is-layout-constrained wp-block-group-is-layout-constrained\">\n<div class=\"wp-block-group alignwide is-layout-flow wp-block-group-is-layout-flow\"><div class=\"kb-row-layout-wrap kb-row-layout-id310_8b23ba-5f alignwide wp-block-kadence-rowlayout\"><div class=\"kt-row-column-wrap kt-has-5-columns kt-row-layout-equal kt-tab-layout-inherit kt-mobile-layout-row kt-row-valign-top\">\n\n<div class=\"wp-block-kadence-column kadence-column310_97f9c2-db kb-section-has-link hvr-bob\"><div class=\"kt-inside-inner-col\">\n<figure class=\"wp-block-image size-large has-custom-border\" data-aos=\"fade-up\" data-aos-duration=\"500\" data-aos-offset=\"50\"><img loading=\"lazy\" decoding=\"async\" width=\"819\" height=\"1024\" src=\"https:\/\/crophealthab.com\/wp-content\/uploads\/2025\/08\/pexels-pixabay-459369-819x1024.jpg\" alt=\"\" class=\"wp-image-764\" style=\"border-radius:25px\" srcset=\"https:\/\/crophealthab.com\/wp-content\/uploads\/2025\/08\/pexels-pixabay-459369-819x1024.jpg 819w, https:\/\/crophealthab.com\/wp-content\/uploads\/2025\/08\/pexels-pixabay-459369-240x300.jpg 240w, https:\/\/crophealthab.com\/wp-content\/uploads\/2025\/08\/pexels-pixabay-459369-768x960.jpg 768w, https:\/\/crophealthab.com\/wp-content\/uploads\/2025\/08\/pexels-pixabay-459369-1229x1536.jpg 1229w, https:\/\/crophealthab.com\/wp-content\/uploads\/2025\/08\/pexels-pixabay-459369.jpg 1536w\" sizes=\"auto, (max-width: 819px) 100vw, 819px\" \/><\/figure>\n\n\n\n<div class=\"wp-block-group is-nowrap is-layout-flex wp-container-core-group-is-layout-3a88641f wp-block-group-is-layout-flex\">\n<h2 class=\"wp-block-heading has-base-color has-text-color has-background has-link-color has-large-font-size wp-elements-109436be5b897df739a48bb1534f1cbd\" style=\"border-radius:25px;background:linear-gradient(300deg,rgb(117,158,46) 0%,rgb(153,202,58) 100%);margin-top:-50px;margin-left:var(--wp--preset--spacing--30);padding-top:var(--wp--preset--spacing--20);padding-right:var(--wp--preset--spacing--30);padding-bottom:var(--wp--preset--spacing--20);padding-left:var(--wp--preset--spacing--30)\" data-aos=\"zoom-in\" data-aos-delay=\"200\" data-aos-duration=\"200\" data-aos-offset=\"50\">Foliar<\/h2>\n<\/div>\n<\/div><a href=\"https:\/\/crophealthab.com\/en\/?cat=31\" class=\"kb-section-link-overlay\"><\/a><\/div>\n\n\n\n<div class=\"wp-block-kadence-column kadence-column310_4ed12c-34 kb-section-has-link hvr-bob\"><div class=\"kt-inside-inner-col\">\n<figure class=\"wp-block-image size-large has-custom-border\" data-aos=\"fade-up\" data-aos-duration=\"500\" data-aos-offset=\"50\"><img loading=\"lazy\" decoding=\"async\" width=\"818\" height=\"1024\" src=\"https:\/\/crophealthab.com\/wp-content\/uploads\/2025\/08\/Jord-puck_1-818x1024.jpg\" alt=\"\" class=\"wp-image-765\" style=\"border-radius:25px\" srcset=\"https:\/\/crophealthab.com\/wp-content\/uploads\/2025\/08\/Jord-puck_1-818x1024.jpg 818w, https:\/\/crophealthab.com\/wp-content\/uploads\/2025\/08\/Jord-puck_1-240x300.jpg 240w, https:\/\/crophealthab.com\/wp-content\/uploads\/2025\/08\/Jord-puck_1-768x961.jpg 768w, https:\/\/crophealthab.com\/wp-content\/uploads\/2025\/08\/Jord-puck_1.jpg 868w\" sizes=\"auto, (max-width: 818px) 100vw, 818px\" \/><\/figure>\n\n\n\n<div class=\"wp-block-group is-nowrap is-layout-flex wp-container-core-group-is-layout-3a88641f wp-block-group-is-layout-flex\">\n<h2 class=\"wp-block-heading has-base-color has-text-color has-background has-link-color has-large-font-size wp-elements-78e632c52b8c3506512d770a9fd8263d\" style=\"border-radius:25px;background:linear-gradient(300deg,rgb(117,158,46) 0%,rgb(153,202,58) 100%);margin-top:-50px;margin-left:var(--wp--preset--spacing--30);padding-top:var(--wp--preset--spacing--20);padding-right:var(--wp--preset--spacing--30);padding-bottom:var(--wp--preset--spacing--20);padding-left:var(--wp--preset--spacing--30)\" data-aos=\"zoom-in\" data-aos-delay=\"200\" data-aos-duration=\"200\" data-aos-offset=\"50\">Soil<\/h2>\n<\/div>\n<\/div><a href=\"https:\/\/crophealthab.com\/en\/?cat=32\" class=\"kb-section-link-overlay\"><\/a><\/div>\n\n\n\n<div class=\"wp-block-kadence-column kadence-column310_9440d9-cd\"><div class=\"kt-inside-inner-col\"><\/div><\/div>\n\n\n\n<div class=\"wp-block-kadence-column kadence-column310_bda83a-3d\"><div class=\"kt-inside-inner-col\"><\/div><\/div>\n\n\n\n<div class=\"wp-block-kadence-column kadence-column310_307b81-46\"><div class=\"kt-inside-inner-col\"><\/div><\/div>\n\n<\/div><\/div><\/div>\n<\/div>","protected":false},"excerpt":{"rendered":"<p>Flytande G\u00f6dsling ger snabb och effektiv n\u00e4ringstillf\u00f6rsel direkt via blad eller jord, vilket st\u00e4rker plantan mot stress och sjukdomar samt p\u00e5skyndar \u00e5terh\u00e4mtning. Flera av v\u00e5ra produkter \u00e4r dessutom f\u00f6rst\u00e4rkta med TransPlus+, som f\u00f6rb\u00e4ttrar n\u00e4ringsupptag och transport i plantan, samtidigt som det bidrar till \u00f6kad biologisk aktivitet i v\u00e4xtb\u00e4dden. Blad Jord<\/p>","protected":false},"author":1,"featured_media":0,"parent":304,"menu_order":0,"comment_status":"closed","ping_status":"closed","template":"produktkategori","meta":{"_crdt_document":"","footnotes":""},"class_list":["post-310","page","type-page","status-publish","hentry"],"_links":{"self":[{"href":"https:\/\/crophealthab.com\/en\/wp-json\/wp\/v2\/pages\/310","targetHints":{"allow":["GET"]}}],"collection":[{"href":"https:\/\/crophealthab.com\/en\/wp-json\/wp\/v2\/pages"}],"about":[{"href":"https:\/\/crophealthab.com\/en\/wp-json\/wp\/v2\/types\/page"}],"author":[{"embeddable":true,"href":"https:\/\/crophealthab.com\/en\/wp-json\/wp\/v2\/users\/1"}],"replies":[{"embeddable":true,"href":"https:\/\/crophealthab.com\/en\/wp-json\/wp\/v2\/comments?post=310"}],"version-history":[{"count":1,"href":"https:\/\/crophealthab.com\/en\/wp-json\/wp\/v2\/pages\/310\/revisions"}],"predecessor-version":[{"id":1821,"href":"https:\/\/crophealthab.com\/en\/wp-json\/wp\/v2\/pages\/310\/revisions\/1821"}],"up":[{"embeddable":true,"href":"https:\/\/crophealthab.com\/en\/wp-json\/wp\/v2\/pages\/304"}],"wp:attachment":[{"href":"https:\/\/crophealthab.com\/en\/wp-json\/wp\/v2\/media?parent=310"}],"curies":[{"name":"wp","href":"https:\/\/api.w.org\/{rel}","templated":true}]}}