{"id":298,"date":"2025-07-29T15:24:03","date_gmt":"2025-07-29T13:24:03","guid":{"rendered":"https:\/\/beta.crophealthab.com\/?page_id=298"},"modified":"2026-01-22T17:04:50","modified_gmt":"2026-01-22T16:04:50","slug":"tee-fw-fotboll","status":"publish","type":"page","link":"https:\/\/crophealthab.com\/en\/produkter\/godning\/tee-fw-fotboll\/","title":{"rendered":"Tee\/FW\/Football"},"content":{"rendered":"<div class=\"wp-block-group alignwide is-layout-flow wp-block-group-is-layout-flow\" style=\"padding-bottom:0\">\n<p class=\"has-medium-font-size wp-block-paragraph\" data-aos=\"fade-right\" data-aos-delay=\"500\">For high-wear surfaces such as fairways, tees, and football pitches, products are required that combine strength, endurance, and rapid recovery. <br>Our liquid fertiliser, granule and wetting agent solutions are developed to provide even growth, strong colour and a resilient turf surface all year round. <br>Furthermore, several of the products are enriched with TransPlus+, which improves nutrient uptake, stimulates soil life, and provides more controlled growth. <br>This way, a playable and durable turf is created even under the most demanding conditions.<\/p>\n<\/div>\n\n\n\n<div class=\"wp-block-group alignfull has-global-padding is-layout-constrained wp-block-group-is-layout-constrained\">\n<div class=\"wp-block-group alignwide is-layout-flow wp-block-group-is-layout-flow\"><div class=\"kb-row-layout-wrap kb-row-layout-id298_cf13bf-d6 alignwide wp-block-kadence-rowlayout\"><div class=\"kt-row-column-wrap kt-has-5-columns kt-row-layout-equal kt-tab-layout-inherit kt-mobile-layout-row kt-row-valign-top\">\n\n<div class=\"wp-block-kadence-column kadence-column298_f3a6b4-b6 kb-section-has-link hvr-bob\"><div class=\"kt-inside-inner-col\">\n<figure class=\"wp-block-image size-large has-custom-border\" data-aos=\"fade-up\" data-aos-duration=\"500\" data-aos-offset=\"50\"><img loading=\"lazy\" decoding=\"async\" width=\"819\" height=\"1024\" src=\"https:\/\/crophealthab.com\/wp-content\/uploads\/2025\/08\/Spruttruck-819x1024.jpg\" alt=\"\" class=\"wp-image-760\" style=\"border-radius:25px\" srcset=\"https:\/\/crophealthab.com\/wp-content\/uploads\/2025\/08\/Spruttruck-819x1024.jpg 819w, https:\/\/crophealthab.com\/wp-content\/uploads\/2025\/08\/Spruttruck-240x300.jpg 240w, https:\/\/crophealthab.com\/wp-content\/uploads\/2025\/08\/Spruttruck-768x960.jpg 768w, https:\/\/crophealthab.com\/wp-content\/uploads\/2025\/08\/Spruttruck.jpg 1086w\" sizes=\"auto, (max-width: 819px) 100vw, 819px\" \/><\/figure>\n\n\n\n<div class=\"wp-block-group is-nowrap is-layout-flex wp-container-core-group-is-layout-3a88641f wp-block-group-is-layout-flex\">\n<h2 class=\"wp-block-heading has-base-color has-text-color has-background has-link-color has-large-font-size wp-elements-11a9aab9cd88e0164b25d0187a109137\" style=\"border-radius:25px;background:linear-gradient(300deg,rgb(117,158,46) 0%,rgb(153,202,58) 100%);margin-top:-50px;margin-left:var(--wp--preset--spacing--30);padding-top:var(--wp--preset--spacing--20);padding-right:var(--wp--preset--spacing--30);padding-bottom:var(--wp--preset--spacing--20);padding-left:var(--wp--preset--spacing--30)\" data-aos=\"zoom-in\" data-aos-delay=\"200\" data-aos-duration=\"200\" data-aos-offset=\"50\">Liquid Fertilisation<\/h2>\n<\/div>\n<\/div><a href=\"https:\/\/crophealthab.com\/en\/?cat=38\" class=\"kb-section-link-overlay\"><\/a><\/div>\n\n\n\n<div class=\"wp-block-kadence-column kadence-column298_46ebd5-5a kb-section-has-link hvr-bob\"><div class=\"kt-inside-inner-col\">\n<figure class=\"wp-block-image size-full has-custom-border\" data-aos=\"fade-up\" data-aos-duration=\"500\" data-aos-offset=\"50\"><img loading=\"lazy\" decoding=\"async\" width=\"507\" height=\"634\" src=\"https:\/\/crophealthab.com\/wp-content\/uploads\/2026\/01\/Granulat-1.jpg\" alt=\"\" class=\"wp-image-2308\" style=\"border-radius:25px\" srcset=\"https:\/\/crophealthab.com\/wp-content\/uploads\/2026\/01\/Granulat-1.jpg 507w, https:\/\/crophealthab.com\/wp-content\/uploads\/2026\/01\/Granulat-1-240x300.jpg 240w\" sizes=\"auto, (max-width: 507px) 100vw, 507px\" \/><\/figure>\n\n\n\n<div class=\"wp-block-group is-nowrap is-layout-flex wp-container-core-group-is-layout-3a88641f wp-block-group-is-layout-flex\">\n<h2 class=\"wp-block-heading has-base-color has-text-color has-background has-link-color has-large-font-size wp-elements-03ef8db7c03b2c92e61e435a2e40dd91\" style=\"border-radius:25px;background:linear-gradient(300deg,rgb(117,158,46) 0%,rgb(153,202,58) 100%);margin-top:-50px;margin-left:var(--wp--preset--spacing--30);padding-top:var(--wp--preset--spacing--20);padding-right:var(--wp--preset--spacing--30);padding-bottom:var(--wp--preset--spacing--20);padding-left:var(--wp--preset--spacing--30)\" data-aos=\"zoom-in\" data-aos-delay=\"200\" data-aos-duration=\"200\" data-aos-offset=\"50\">Granules<\/h2>\n<\/div>\n<\/div><a href=\"https:\/\/crophealthab.com\/en\/?cat=39\" class=\"kb-section-link-overlay\"><\/a><\/div>\n\n\n\n<div class=\"wp-block-kadence-column kadence-column298_0b41b8-57 kb-section-has-link hvr-bob\"><div class=\"kt-inside-inner-col\">\n<figure class=\"wp-block-image size-large has-custom-border\" data-aos=\"fade-up\" data-aos-duration=\"500\" data-aos-offset=\"50\"><img loading=\"lazy\" decoding=\"async\" width=\"819\" height=\"1024\" src=\"https:\/\/crophealthab.com\/wp-content\/uploads\/2025\/08\/Maxiplex-819x1024.jpg\" alt=\"\" class=\"wp-image-743\" style=\"border-radius:25px\" srcset=\"https:\/\/crophealthab.com\/wp-content\/uploads\/2025\/08\/Maxiplex-819x1024.jpg 819w, https:\/\/crophealthab.com\/wp-content\/uploads\/2025\/08\/Maxiplex-240x300.jpg 240w, https:\/\/crophealthab.com\/wp-content\/uploads\/2025\/08\/Maxiplex-768x960.jpg 768w, https:\/\/crophealthab.com\/wp-content\/uploads\/2025\/08\/Maxiplex-1229x1536.jpg 1229w, https:\/\/crophealthab.com\/wp-content\/uploads\/2025\/08\/Maxiplex.jpg 1536w\" sizes=\"auto, (max-width: 819px) 100vw, 819px\" \/><\/figure>\n\n\n\n<div class=\"wp-block-group is-nowrap is-layout-flex wp-container-core-group-is-layout-3a88641f wp-block-group-is-layout-flex\">\n<h2 class=\"wp-block-heading has-base-color has-text-color has-background has-link-color has-large-font-size wp-elements-6a82d7014f85e2f8f42d2b49ce3425bc\" style=\"border-radius:25px;background:linear-gradient(300deg,rgb(117,158,46) 0%,rgb(153,202,58) 100%);margin-top:-50px;margin-left:var(--wp--preset--spacing--30);padding-top:var(--wp--preset--spacing--20);padding-right:var(--wp--preset--spacing--30);padding-bottom:var(--wp--preset--spacing--20);padding-left:var(--wp--preset--spacing--30)\" data-aos=\"zoom-in\" data-aos-delay=\"200\" data-aos-duration=\"200\" data-aos-offset=\"50\">Wetting agent<\/h2>\n<\/div>\n<\/div><a href=\"https:\/\/crophealthab.com\/en\/?cat=40\" class=\"kb-section-link-overlay\"><\/a><\/div>\n\n\n\n<div class=\"wp-block-kadence-column kadence-column298_0168db-57\"><div class=\"kt-inside-inner-col\"><\/div><\/div>\n\n\n\n<div class=\"wp-block-kadence-column kadence-column298_06146f-41\"><div class=\"kt-inside-inner-col\"><\/div><\/div>\n\n<\/div><\/div><\/div>\n<\/div>","protected":false},"excerpt":{"rendered":"<p>F\u00f6r ytor med h\u00f6gt slitage som fairways, tees och fotbollsplaner kr\u00e4vs produkter som kombinerar styrka, uth\u00e5llighet och snabb \u00e5terh\u00e4mtning. V\u00e5ra l\u00f6sningar inom flytande G\u00f6dsling, granulat och v\u00e4tmedel \u00e4r utvecklade f\u00f6r att ge j\u00e4mn tillv\u00e4xt, stark f\u00e4rg och en t\u00e5lig gr\u00e4syta \u00e5ret runt. Flera av produkterna \u00e4r dessutom berikade med TransPlus+, som f\u00f6rb\u00e4ttrar n\u00e4ringsupptag, stimulerar jordlivet [&hellip;]<\/p>\n","protected":false},"author":1,"featured_media":0,"parent":280,"menu_order":0,"comment_status":"closed","ping_status":"closed","template":"produktkategori","meta":{"_crdt_document":"","footnotes":""},"class_list":["post-298","page","type-page","status-publish","hentry"],"_links":{"self":[{"href":"https:\/\/crophealthab.com\/en\/wp-json\/wp\/v2\/pages\/298","targetHints":{"allow":["GET"]}}],"collection":[{"href":"https:\/\/crophealthab.com\/en\/wp-json\/wp\/v2\/pages"}],"about":[{"href":"https:\/\/crophealthab.com\/en\/wp-json\/wp\/v2\/types\/page"}],"author":[{"embeddable":true,"href":"https:\/\/crophealthab.com\/en\/wp-json\/wp\/v2\/users\/1"}],"replies":[{"embeddable":true,"href":"https:\/\/crophealthab.com\/en\/wp-json\/wp\/v2\/comments?post=298"}],"version-history":[{"count":1,"href":"https:\/\/crophealthab.com\/en\/wp-json\/wp\/v2\/pages\/298\/revisions"}],"predecessor-version":[{"id":2313,"href":"https:\/\/crophealthab.com\/en\/wp-json\/wp\/v2\/pages\/298\/revisions\/2313"}],"up":[{"embeddable":true,"href":"https:\/\/crophealthab.com\/en\/wp-json\/wp\/v2\/pages\/280"}],"wp:attachment":[{"href":"https:\/\/crophealthab.com\/en\/wp-json\/wp\/v2\/media?parent=298"}],"curies":[{"name":"wp","href":"https:\/\/api.w.org\/{rel}","templated":true}]}}