{"id":25,"date":"2025-05-01T12:53:47","date_gmt":"2025-05-01T12:53:47","guid":{"rendered":"https:\/\/beta.crophealthab.com\/?page_id=25"},"modified":"2025-12-18T16:53:27","modified_gmt":"2025-12-18T15:53:27","slug":"team","status":"publish","type":"page","link":"https:\/\/crophealthab.com\/en\/team\/","title":{"rendered":"Team"},"content":{"rendered":"<div class=\"kb-row-layout-wrap kb-row-layout-id25_ec4b9e-6e alignnone wp-block-kadence-rowlayout\"><div class=\"kt-row-column-wrap kt-has-2-columns kt-row-layout-right-golden kt-tab-layout-inherit kt-mobile-layout-row kt-row-valign-top\">\n\n<div class=\"wp-block-kadence-column kadence-column25_dc92f6-bc\"><div class=\"kt-inside-inner-col\">\n<div class=\"wp-block-group is-vertical is-layout-flex wp-container-core-group-is-layout-f0b6b26e wp-block-group-is-layout-flex\" data-aos=\"fade-right\">\n<h2 class=\"wp-block-heading has-contrast-color has-text-color has-link-color has-xx-large-font-size wp-elements-86cd8fd5d3cf43f54e0c31729d263ae1\">CropHealth AB<\/h2>\n\n\n\n<p class=\"has-x-large-font-size wp-block-paragraph\">Expertise for stronger and more durable grass surfaces<\/p>\n<\/div>\n<\/div><\/div>\n\n\n\n<div class=\"wp-block-kadence-column kadence-column25_45d07c-9d\"><div class=\"kt-inside-inner-col\">\n<p class=\"has-medium-font-size wp-block-paragraph\" data-aos=\"fade-right\" data-aos-delay=\"500\"><strong>CropHealth AB<\/strong> is a Scandinavian production and distribution company within the green space industry. With over <strong>100 years of experience in railway management, production, research and development<\/strong> of fertilisers and biostimulants, we have a clear objective: to create <strong>Strong and healthy plants<\/strong> - Plant Health.<br><br>Today, our customers face tougher demands than ever before. Golfers, footballers, and growers expect perfect surfaces and high quality all year round. This leads to increased wear and greater stress on plants and crops. This is where we make a difference.<br><br>We don't just offer products \u2013 but also knowledge and support. The collaboration often begins with a <strong>site visits and a soil analysis.<\/strong> The analysis gives us an objective picture of the soil's conditions and possible challenges. From there, we can provide <strong>spot-on recommendations<\/strong> about which products and solutions are best suited. <br><br>With the right strategy, we strengthen the plant's resistance to stress, diseases and wear and tear \u2013 and what's more, create a <strong>Faster recovery if problems arise<\/strong>. The results speak for themselves: healthier, more sustainable and playable turf all year round.<\/p>\n<\/div><\/div>\n\n<\/div><\/div>\n\n<div data-aos-duration=\"50\" data-aos=\"zoom-in\" class=\"kb-row-layout-wrap kb-row-layout-id25_8ffdd9-e6 alignnone kt-row-has-bg wp-block-kadence-rowlayout\"><div class=\"kt-row-column-wrap kt-has-3-columns kt-row-layout-equal kt-tab-layout-inherit kt-mobile-layout-row kt-row-valign-top\">\n\n<div class=\"wp-block-kadence-column kadence-column25_71e0a3-36 kb-section-dir-horizontal\"><div class=\"kt-inside-inner-col\">\n<figure class=\"wp-block-image size-full has-custom-border\" data-aos=\"fade-up\" data-aos-duration=\"750\"><img loading=\"lazy\" decoding=\"async\" width=\"1024\" height=\"1536\" src=\"https:\/\/crophealthab.com\/wp-content\/uploads\/2025\/08\/Peter-Profile-Picture-NY.jpg\" alt=\"\" class=\"wp-image-1086\" style=\"border-radius:25px\" srcset=\"https:\/\/crophealthab.com\/wp-content\/uploads\/2025\/08\/Peter-Profile-Picture-NY.jpg 1024w, https:\/\/crophealthab.com\/wp-content\/uploads\/2025\/08\/Peter-Profile-Picture-NY-200x300.jpg 200w, https:\/\/crophealthab.com\/wp-content\/uploads\/2025\/08\/Peter-Profile-Picture-NY-683x1024.jpg 683w, https:\/\/crophealthab.com\/wp-content\/uploads\/2025\/08\/Peter-Profile-Picture-NY-768x1152.jpg 768w\" sizes=\"auto, (max-width: 1024px) 100vw, 1024px\" \/><\/figure>\n\n\n\n<div class=\"wp-block-group has-global-padding is-layout-constrained wp-container-core-group-is-layout-9d113a6d wp-block-group-is-layout-constrained\" style=\"margin-top:-3vh;padding-right:0;padding-left:var(--wp--preset--spacing--30)\">\n<div class=\"wp-block-group has-background is-vertical is-layout-flex wp-container-core-group-is-layout-684a7a63 wp-block-group-is-layout-flex\" style=\"border-radius:25px;background:linear-gradient(300deg,rgb(117,158,46) 0%,rgb(153,202,58) 100%);padding-top:var(--wp--preset--spacing--20);padding-right:var(--wp--preset--spacing--30);padding-bottom:var(--wp--preset--spacing--20);padding-left:var(--wp--preset--spacing--30)\" data-aos=\"zoom-in\" data-aos-delay=\"250\" data-aos-duration=\"250\">\n<h2 class=\"wp-block-heading has-base-color has-text-color has-link-color has-large-font-size wp-elements-81a7be08b84276903df17ce2cd224cb1\"><strong>Peter Str\u00f6mberg<\/strong><\/h2>\n\n\n\n<p class=\"has-base-color has-text-color has-link-color has-small-font-size wp-elements-3a30c9890acf62752a641f7f8c9158cb wp-block-paragraph\" style=\"margin-top:0;margin-bottom:0;padding-top:0;padding-bottom:0\">Founder<\/p>\n\n\n\n<p class=\"has-base-color has-text-color has-link-color has-small-font-size wp-elements-5de0f30cca40babdfe79ce259925224c wp-block-paragraph\" style=\"margin-top:0;margin-bottom:0;padding-top:0;padding-bottom:0\"><a href=\"mailto:peter@crophealthab.com\">peter@crophealthab.com<\/a><\/p>\n\n\n\n<p class=\"has-base-color has-text-color has-link-color has-small-font-size wp-elements-f4b93ed4394c950a3ed934b3ee87a87b wp-block-paragraph\" style=\"margin-top:0;margin-bottom:0;padding-top:0;padding-bottom:0\"><a href=\"tel:+46707770961\" data-type=\"tel\" data-id=\"tel:0046707770961\">+46 70 777 09 61<\/a><\/p>\n<\/div>\n<\/div>\n<\/div><\/div>\n\n\n\n<div class=\"wp-block-kadence-column kadence-column25_29a0da-c9 kb-section-dir-horizontal\"><div class=\"kt-inside-inner-col\">\n<figure class=\"wp-block-image size-full has-custom-border\" data-aos=\"fade-up\" data-aos-duration=\"750\"><img loading=\"lazy\" decoding=\"async\" width=\"1024\" height=\"1536\" src=\"https:\/\/crophealthab.com\/wp-content\/uploads\/2025\/08\/Daniel-Profile-Picture-NY.jpg\" alt=\"\" class=\"wp-image-1087\" style=\"border-radius:25px\" srcset=\"https:\/\/crophealthab.com\/wp-content\/uploads\/2025\/08\/Daniel-Profile-Picture-NY.jpg 1024w, https:\/\/crophealthab.com\/wp-content\/uploads\/2025\/08\/Daniel-Profile-Picture-NY-200x300.jpg 200w, https:\/\/crophealthab.com\/wp-content\/uploads\/2025\/08\/Daniel-Profile-Picture-NY-683x1024.jpg 683w, https:\/\/crophealthab.com\/wp-content\/uploads\/2025\/08\/Daniel-Profile-Picture-NY-768x1152.jpg 768w\" sizes=\"auto, (max-width: 1024px) 100vw, 1024px\" \/><\/figure>\n\n\n\n<div class=\"wp-block-group has-global-padding is-layout-constrained wp-container-core-group-is-layout-9d113a6d wp-block-group-is-layout-constrained\" style=\"margin-top:-3vh;padding-right:0;padding-left:var(--wp--preset--spacing--30)\">\n<div class=\"wp-block-group has-background is-vertical is-layout-flex wp-container-core-group-is-layout-684a7a63 wp-block-group-is-layout-flex\" style=\"border-radius:25px;background:linear-gradient(300deg,rgb(117,158,46) 0%,rgb(153,202,58) 100%);padding-top:var(--wp--preset--spacing--20);padding-right:var(--wp--preset--spacing--30);padding-bottom:var(--wp--preset--spacing--20);padding-left:var(--wp--preset--spacing--30)\" data-aos=\"zoom-in\" data-aos-delay=\"250\" data-aos-duration=\"250\">\n<h2 class=\"wp-block-heading has-base-color has-text-color has-link-color has-large-font-size wp-elements-19fed9afb2dea684fb08a60a8dc3163f\"><strong>Daniel Pantzar<\/strong><\/h2>\n\n\n\n<p class=\"has-base-color has-text-color has-link-color has-small-font-size wp-elements-723e5ff28c33c98ea926b3345c3ab15c wp-block-paragraph\" style=\"margin-top:0;margin-bottom:0;padding-top:0;padding-bottom:0\">Partner, Director Technical Sales<\/p>\n\n\n\n<p class=\"has-base-color has-text-color has-link-color has-small-font-size wp-elements-fa1644849cfbc03630378ecfa86e22b7 wp-block-paragraph\" style=\"margin-top:0;margin-bottom:0;padding-top:0;padding-bottom:0\"><a href=\"mailto:daniel@crophealthab.com\">daniel@crophealthab.com<\/a><\/p>\n\n\n\n<p class=\"has-base-color has-text-color has-link-color has-small-font-size wp-elements-0647a57448fedc8bdb9f717dfaac3062 wp-block-paragraph\" style=\"margin-top:0;margin-bottom:0;padding-top:0;padding-bottom:0\"><a href=\"tel:+46733162986\">+46 73 316 29 86<\/a><\/p>\n<\/div>\n<\/div>\n<\/div><\/div>\n\n\n\n<div class=\"wp-block-kadence-column kadence-column25_960fea-8f kb-section-dir-horizontal\"><div class=\"kt-inside-inner-col\">\n<figure class=\"wp-block-image size-full has-custom-border\" data-aos=\"fade-up\" data-aos-duration=\"750\"><img loading=\"lazy\" decoding=\"async\" width=\"1024\" height=\"1536\" src=\"https:\/\/crophealthab.com\/wp-content\/uploads\/2025\/08\/Goran-Profile-Picture-NY.jpg\" alt=\"\" class=\"wp-image-1088\" style=\"border-radius:25px\" srcset=\"https:\/\/crophealthab.com\/wp-content\/uploads\/2025\/08\/Goran-Profile-Picture-NY.jpg 1024w, https:\/\/crophealthab.com\/wp-content\/uploads\/2025\/08\/Goran-Profile-Picture-NY-200x300.jpg 200w, https:\/\/crophealthab.com\/wp-content\/uploads\/2025\/08\/Goran-Profile-Picture-NY-683x1024.jpg 683w, https:\/\/crophealthab.com\/wp-content\/uploads\/2025\/08\/Goran-Profile-Picture-NY-768x1152.jpg 768w\" sizes=\"auto, (max-width: 1024px) 100vw, 1024px\" \/><\/figure>\n\n\n\n<div class=\"wp-block-group has-global-padding is-layout-constrained wp-container-core-group-is-layout-9d113a6d wp-block-group-is-layout-constrained\" style=\"margin-top:-3vh;padding-right:0;padding-left:var(--wp--preset--spacing--30)\">\n<div class=\"wp-block-group has-background is-vertical is-layout-flex wp-container-core-group-is-layout-684a7a63 wp-block-group-is-layout-flex\" style=\"border-radius:25px;background:linear-gradient(300deg,rgb(117,158,46) 0%,rgb(153,202,58) 100%);padding-top:var(--wp--preset--spacing--20);padding-right:var(--wp--preset--spacing--30);padding-bottom:var(--wp--preset--spacing--20);padding-left:var(--wp--preset--spacing--30)\" data-aos=\"zoom-in\" data-aos-delay=\"250\" data-aos-duration=\"250\">\n<h2 class=\"wp-block-heading has-base-color has-text-color has-link-color has-large-font-size wp-elements-86e9bb6847984a8403963f14c0e6299c\"><strong>G\u00f6ran Larsson<\/strong><\/h2>\n\n\n\n<p class=\"has-base-color has-text-color has-link-color has-small-font-size wp-elements-d048544aad708ae8d1dd0bd4217887d5 wp-block-paragraph\" style=\"margin-top:0;margin-bottom:0;padding-top:0;padding-bottom:0\">Co-Founder, CFO<\/p>\n\n\n\n<p class=\"has-base-color has-text-color has-link-color has-small-font-size wp-elements-f55ba3b132d589a30f737d93bfaac1a6 wp-block-paragraph\" style=\"margin-top:0;margin-bottom:0;padding-top:0;padding-bottom:0\"><a href=\"mailto:goran@crophealthab.com\">goran@crophealthab.com<\/a><\/p>\n\n\n\n<p class=\"has-base-color has-text-color has-link-color has-small-font-size wp-elements-0c86ba6810d0c020b3fe9a79bb14d993 wp-block-paragraph\" style=\"margin-top:0;margin-bottom:0;padding-top:0;padding-bottom:0\"><a href=\"tel:+46705414951\">+46 70 541 49 51<\/a><\/p>\n<\/div>\n<\/div>\n<\/div><\/div>\n\n\n\n<div class=\"wp-block-kadence-column kadence-column25_1fe1ad-07 kb-section-dir-horizontal\"><div class=\"kt-inside-inner-col\">\n<figure class=\"wp-block-image size-full has-custom-border\" data-aos=\"fade-up\" data-aos-duration=\"750\"><img loading=\"lazy\" decoding=\"async\" width=\"1024\" height=\"1536\" src=\"https:\/\/crophealthab.com\/wp-content\/uploads\/2025\/08\/Tomi-Profile-Picture-NY.jpg\" alt=\"\" class=\"wp-image-1089\" style=\"border-radius:25px\" srcset=\"https:\/\/crophealthab.com\/wp-content\/uploads\/2025\/08\/Tomi-Profile-Picture-NY.jpg 1024w, https:\/\/crophealthab.com\/wp-content\/uploads\/2025\/08\/Tomi-Profile-Picture-NY-200x300.jpg 200w, https:\/\/crophealthab.com\/wp-content\/uploads\/2025\/08\/Tomi-Profile-Picture-NY-683x1024.jpg 683w, https:\/\/crophealthab.com\/wp-content\/uploads\/2025\/08\/Tomi-Profile-Picture-NY-768x1152.jpg 768w\" sizes=\"auto, (max-width: 1024px) 100vw, 1024px\" \/><\/figure>\n\n\n\n<div class=\"wp-block-group has-global-padding is-layout-constrained wp-container-core-group-is-layout-9d113a6d wp-block-group-is-layout-constrained\" style=\"margin-top:-3vh;padding-right:0;padding-left:var(--wp--preset--spacing--30)\">\n<div class=\"wp-block-group has-background is-vertical is-layout-flex wp-container-core-group-is-layout-684a7a63 wp-block-group-is-layout-flex\" style=\"border-radius:25px;background:linear-gradient(300deg,rgb(117,158,46) 0%,rgb(153,202,58) 100%);padding-top:var(--wp--preset--spacing--20);padding-right:var(--wp--preset--spacing--30);padding-bottom:var(--wp--preset--spacing--20);padding-left:var(--wp--preset--spacing--30)\" data-aos=\"zoom-in\" data-aos-delay=\"250\" data-aos-duration=\"250\">\n<h2 class=\"wp-block-heading has-base-color has-text-color has-link-color has-large-font-size wp-elements-1784958780f074868c7e740198ca1336\"><strong>Tomi Laaksonen<\/strong><\/h2>\n\n\n\n<p class=\"has-base-color has-text-color has-link-color has-small-font-size wp-elements-de949aa0ec8d4ee22dee4cceaece2ec8 wp-block-paragraph\" style=\"margin-top:0;margin-bottom:0;padding-top:0;padding-bottom:0\">Customer Manager, Finland<\/p>\n\n\n\n<p class=\"has-base-color has-text-color has-link-color has-small-font-size wp-elements-9a50a2e333235028a15439ce80c529dd wp-block-paragraph\" style=\"margin-top:0;margin-bottom:0;padding-top:0;padding-bottom:0\"><a href=\"mailto:tomi@crophealthab.com\">tomi@crophealthab.com<\/a><\/p>\n\n\n\n<p class=\"has-base-color has-text-color has-link-color has-small-font-size wp-elements-a8108a76fc7d89c480184e4da3337b6f wp-block-paragraph\" style=\"margin-top:0;margin-bottom:0;padding-top:0;padding-bottom:0\"><a href=\"tel:+358504672644\" data-type=\"tel\" data-id=\"tel:+358504672644\">+358 50 467 26 44<\/a><\/p>\n<\/div>\n<\/div>\n<\/div><\/div>\n\n\n\n<div class=\"wp-block-kadence-column kadence-column25_78938c-19 kb-section-dir-horizontal\"><div class=\"kt-inside-inner-col\">\n<figure class=\"wp-block-image size-full is-resized has-custom-border\" data-aos=\"fade-up\" data-aos-duration=\"750\"><img loading=\"lazy\" decoding=\"async\" width=\"1024\" height=\"1536\" src=\"https:\/\/crophealthab.com\/wp-content\/uploads\/2025\/08\/Emma-Profile-Picture-NY.jpg\" alt=\"\" class=\"wp-image-1090\" style=\"border-radius:25px;width:410px\" srcset=\"https:\/\/crophealthab.com\/wp-content\/uploads\/2025\/08\/Emma-Profile-Picture-NY.jpg 1024w, https:\/\/crophealthab.com\/wp-content\/uploads\/2025\/08\/Emma-Profile-Picture-NY-200x300.jpg 200w, https:\/\/crophealthab.com\/wp-content\/uploads\/2025\/08\/Emma-Profile-Picture-NY-683x1024.jpg 683w, https:\/\/crophealthab.com\/wp-content\/uploads\/2025\/08\/Emma-Profile-Picture-NY-768x1152.jpg 768w\" sizes=\"auto, (max-width: 1024px) 100vw, 1024px\" \/><\/figure>\n\n\n\n<div class=\"wp-block-group has-global-padding is-layout-constrained wp-container-core-group-is-layout-9d113a6d wp-block-group-is-layout-constrained\" style=\"margin-top:-3vh;padding-right:0;padding-left:var(--wp--preset--spacing--30)\">\n<div class=\"wp-block-group has-background is-vertical is-layout-flex wp-container-core-group-is-layout-684a7a63 wp-block-group-is-layout-flex\" style=\"border-radius:25px;background:linear-gradient(300deg,rgb(117,158,46) 0%,rgb(153,202,58) 100%);padding-top:var(--wp--preset--spacing--20);padding-right:var(--wp--preset--spacing--30);padding-bottom:var(--wp--preset--spacing--20);padding-left:var(--wp--preset--spacing--30)\" data-aos=\"zoom-in\" data-aos-delay=\"250\" data-aos-duration=\"250\">\n<h2 class=\"wp-block-heading has-base-color has-text-color has-link-color has-large-font-size wp-elements-0346dd962bc5fb3de5a86c364a09c6f0\"><strong>Emma Rasmusson<\/strong><\/h2>\n\n\n\n<p class=\"has-base-color has-text-color has-link-color has-small-font-size wp-elements-d9229ad1e1c93b398851b7b746164325 wp-block-paragraph\" style=\"margin-top:0;margin-bottom:0;padding-top:0;padding-bottom:0\">Marketing &amp; Sales Area Manager<\/p>\n\n\n\n<p class=\"has-base-color has-text-color has-link-color has-small-font-size wp-elements-9d7bd38078a5c5618468445b14128af8 wp-block-paragraph\" style=\"margin-top:0;margin-bottom:0;padding-top:0;padding-bottom:0\"><a href=\"mailto:emma@crophealthab.com\">emma@crophealthab.com<\/a><\/p>\n\n\n\n<p class=\"has-base-color has-text-color has-link-color has-small-font-size wp-elements-605014667a3dd06369dda07c00758ecf wp-block-paragraph\" style=\"margin-top:0;margin-bottom:0;padding-top:0;padding-bottom:0\"><a href=\"tel:+46708300465\">+46 70 830 04 65<\/a><\/p>\n<\/div>\n<\/div>\n<\/div><\/div>\n\n\n\n<div class=\"wp-block-kadence-column kadence-column25_7a7a4e-fa kb-section-dir-horizontal\"><div class=\"kt-inside-inner-col\">\n<figure class=\"wp-block-image size-full is-resized has-custom-border\" data-aos=\"fade-up\" data-aos-duration=\"750\"><img loading=\"lazy\" decoding=\"async\" width=\"1024\" height=\"1536\" src=\"https:\/\/crophealthab.com\/wp-content\/uploads\/2025\/08\/Margot-Profile-Picture-NY.jpg\" alt=\"\" class=\"wp-image-1091\" style=\"border-radius:25px;width:410px\" srcset=\"https:\/\/crophealthab.com\/wp-content\/uploads\/2025\/08\/Margot-Profile-Picture-NY.jpg 1024w, https:\/\/crophealthab.com\/wp-content\/uploads\/2025\/08\/Margot-Profile-Picture-NY-200x300.jpg 200w, https:\/\/crophealthab.com\/wp-content\/uploads\/2025\/08\/Margot-Profile-Picture-NY-683x1024.jpg 683w, https:\/\/crophealthab.com\/wp-content\/uploads\/2025\/08\/Margot-Profile-Picture-NY-768x1152.jpg 768w\" sizes=\"auto, (max-width: 1024px) 100vw, 1024px\" \/><\/figure>\n\n\n\n<div class=\"wp-block-group has-global-padding is-layout-constrained wp-container-core-group-is-layout-9d113a6d wp-block-group-is-layout-constrained\" style=\"margin-top:-3vh;padding-right:0;padding-left:var(--wp--preset--spacing--30)\">\n<div class=\"wp-block-group has-background is-vertical is-layout-flex wp-container-core-group-is-layout-684a7a63 wp-block-group-is-layout-flex\" style=\"border-radius:25px;background:linear-gradient(300deg,rgb(117,158,46) 0%,rgb(153,202,58) 100%);padding-top:var(--wp--preset--spacing--20);padding-right:var(--wp--preset--spacing--30);padding-bottom:var(--wp--preset--spacing--20);padding-left:var(--wp--preset--spacing--30)\" data-aos=\"zoom-in\" data-aos-delay=\"250\" data-aos-duration=\"250\">\n<h2 class=\"wp-block-heading has-base-color has-text-color has-link-color has-large-font-size wp-elements-c309e0af7751fceb56f775e41e08c09b\"><strong>Margot<\/strong><\/h2>\n\n\n\n<p class=\"has-base-color has-text-color has-link-color has-small-font-size wp-elements-d8b8c78e57a89569aa3bc03c9dc9f056 wp-block-paragraph\" style=\"margin-top:0;margin-bottom:0;padding-top:0;padding-bottom:0\">Head of Security<\/p>\n\n\n\n<p class=\"has-base-color has-text-color has-link-color has-small-font-size wp-elements-031bef032de79f71e3c923f8d5aca574 wp-block-paragraph\" style=\"margin-top:0;margin-bottom:0;padding-top:0;padding-bottom:0\"><a href=\"mailto:goran@crophealthab.com\" data-type=\"mailto\" data-id=\"mailto:goran@crophealthab.com\">voff@crophealthab.com<\/a><\/p>\n<\/div>\n<\/div>\n<\/div><\/div>\n\n<\/div><\/div>","protected":false},"excerpt":{"rendered":"<p>CropHealth AB Expertis f\u00f6r starkare och mer h\u00e5llbara gr\u00e4sytor CropHealth AB \u00e4r ett skandinaviskt produktions- och distribut\u00f6rsbolag inom gr\u00f6nytebranschen. Med \u00f6ver 100 \u00e5rs erfarenhet av bansk\u00f6tsel, produktion, forskning och utveckling av g\u00f6dselmedel och biostimulanter, har vi en tydlig m\u00e5ls\u00e4ttning: att skapa starka och friska plantor \u2013 Plant Health. Idag m\u00f6ter v\u00e5ra kunder h\u00e5rdare krav \u00e4n [&hellip;]<\/p>\n","protected":false},"author":1,"featured_media":0,"parent":0,"menu_order":0,"comment_status":"closed","ping_status":"closed","template":"","meta":{"_crdt_document":"","footnotes":""},"class_list":["post-25","page","type-page","status-publish","hentry"],"_links":{"self":[{"href":"https:\/\/crophealthab.com\/en\/wp-json\/wp\/v2\/pages\/25","targetHints":{"allow":["GET"]}}],"collection":[{"href":"https:\/\/crophealthab.com\/en\/wp-json\/wp\/v2\/pages"}],"about":[{"href":"https:\/\/crophealthab.com\/en\/wp-json\/wp\/v2\/types\/page"}],"author":[{"embeddable":true,"href":"https:\/\/crophealthab.com\/en\/wp-json\/wp\/v2\/users\/1"}],"replies":[{"embeddable":true,"href":"https:\/\/crophealthab.com\/en\/wp-json\/wp\/v2\/comments?post=25"}],"version-history":[{"count":3,"href":"https:\/\/crophealthab.com\/en\/wp-json\/wp\/v2\/pages\/25\/revisions"}],"predecessor-version":[{"id":2220,"href":"https:\/\/crophealthab.com\/en\/wp-json\/wp\/v2\/pages\/25\/revisions\/2220"}],"wp:attachment":[{"href":"https:\/\/crophealthab.com\/en\/wp-json\/wp\/v2\/media?parent=25"}],"curies":[{"name":"wp","href":"https:\/\/api.w.org\/{rel}","templated":true}]}}