{"id":189,"date":"2025-07-14T16:58:54","date_gmt":"2025-07-14T14:58:54","guid":{"rendered":"https:\/\/beta.crophealthab.com\/?page_id=189"},"modified":"2026-01-22T17:02:55","modified_gmt":"2026-01-22T16:02:55","slug":"produkter","status":"publish","type":"page","link":"https:\/\/crophealthab.com\/en\/produkter\/","title":{"rendered":"Products"},"content":{"rendered":"<div class=\"wp-block-group alignwide is-layout-flow wp-block-group-is-layout-flow\" style=\"padding-bottom:0\">\n<div class=\"wp-block-group is-content-justification-space-between is-layout-flex wp-container-core-group-is-layout-cf51567d wp-block-group-is-layout-flex\">\n<p class=\"has-medium-font-size wp-block-paragraph\" data-aos=\"fade-right\" data-aos-delay=\"500\">We offer carefully selected products for the professional care of green spaces \u2013 from fertilisers and seeds to equipment, chemicals, and specialist products. <br>All to strengthen the plant, improve soil health, and create sustainable results all year round.<\/p>\n\n\n\n<div class=\"wp-block-group is-content-justification-center is-nowrap is-layout-flex wp-container-core-group-is-layout-82936891 wp-block-group-is-layout-flex\">\n<div class=\"wp-block-kadence-column kadence-column189_953b6b-fe kb-section-has-link hvr-buzz-out\"><div class=\"kt-inside-inner-col\"><\/div><a href=\"https:\/\/crophealthab.com\/en\/?cat=43\" class=\"kb-section-link-overlay\"><\/a><\/div>\n<\/div>\n<\/div>\n<\/div>\n\n\n\n<div class=\"wp-block-group alignfull has-global-padding is-layout-constrained wp-block-group-is-layout-constrained\">\n<div class=\"wp-block-group alignwide is-layout-flow wp-block-group-is-layout-flow\" style=\"padding-bottom:var(--wp--preset--spacing--60)\"><div class=\"kb-row-layout-wrap kb-row-layout-id189_d60aa0-75 alignnone wp-block-kadence-rowlayout\"><div class=\"kt-row-column-wrap kt-has-5-columns kt-row-layout-equal kt-tab-layout-inherit kt-mobile-layout-row kt-row-valign-top\">\n\n<div class=\"wp-block-kadence-column kadence-column189_9a2eeb-97 kb-section-has-link hvr-bob\"><div class=\"kt-inside-inner-col\">\n<figure class=\"wp-block-image size-large has-custom-border\" data-aos=\"fade-up\" data-aos-duration=\"500\" data-aos-offset=\"50\"><img loading=\"lazy\" decoding=\"async\" width=\"819\" height=\"1024\" src=\"https:\/\/crophealthab.com\/wp-content\/uploads\/2025\/08\/golf-5216737_1280-819x1024.jpg\" alt=\"\" class=\"wp-image-756\" style=\"border-radius:25px\" srcset=\"https:\/\/crophealthab.com\/wp-content\/uploads\/2025\/08\/golf-5216737_1280-819x1024.jpg 819w, https:\/\/crophealthab.com\/wp-content\/uploads\/2025\/08\/golf-5216737_1280-240x300.jpg 240w, https:\/\/crophealthab.com\/wp-content\/uploads\/2025\/08\/golf-5216737_1280-768x960.jpg 768w, https:\/\/crophealthab.com\/wp-content\/uploads\/2025\/08\/golf-5216737_1280-1229x1536.jpg 1229w, https:\/\/crophealthab.com\/wp-content\/uploads\/2025\/08\/golf-5216737_1280.jpg 1536w\" sizes=\"auto, (max-width: 819px) 100vw, 819px\" \/><\/figure>\n\n\n\n<div class=\"wp-block-group is-nowrap is-layout-flex wp-container-core-group-is-layout-3a88641f wp-block-group-is-layout-flex\">\n<h2 class=\"wp-block-heading has-base-color has-text-color has-background has-link-color has-large-font-size wp-elements-096beae2d8a0f6a4ff0e3f7cfab5c1e7\" style=\"border-radius:25px;background:linear-gradient(300deg,rgb(117,158,46) 0%,rgb(153,202,58) 100%);margin-top:-50px;margin-left:var(--wp--preset--spacing--30);padding-top:var(--wp--preset--spacing--20);padding-right:var(--wp--preset--spacing--30);padding-bottom:var(--wp--preset--spacing--20);padding-left:var(--wp--preset--spacing--30)\" data-aos=\"zoom-in\" data-aos-delay=\"200\" data-aos-duration=\"200\" data-aos-offset=\"50\">Fertilising<\/h2>\n<\/div>\n<\/div><a href=\"https:\/\/crophealthab.com\/en\/?page_id=280\" class=\"kb-section-link-overlay\"><\/a><\/div>\n\n\n\n<div class=\"wp-block-kadence-column kadence-column189_641f10-10 kb-section-has-link hvr-bob\"><div class=\"kt-inside-inner-col\">\n<figure class=\"wp-block-image size-large has-custom-border\" data-aos=\"fade-up\" data-aos-duration=\"500\" data-aos-offset=\"50\"><img loading=\"lazy\" decoding=\"async\" width=\"819\" height=\"1024\" src=\"https:\/\/crophealthab.com\/wp-content\/uploads\/2025\/08\/Fro-819x1024.jpg\" alt=\"\" class=\"wp-image-775\" style=\"border-radius:25px\" srcset=\"https:\/\/crophealthab.com\/wp-content\/uploads\/2025\/08\/Fro-819x1024.jpg 819w, https:\/\/crophealthab.com\/wp-content\/uploads\/2025\/08\/Fro-240x300.jpg 240w, https:\/\/crophealthab.com\/wp-content\/uploads\/2025\/08\/Fro-768x960.jpg 768w, https:\/\/crophealthab.com\/wp-content\/uploads\/2025\/08\/Fro.jpg 1080w\" sizes=\"auto, (max-width: 819px) 100vw, 819px\" \/><\/figure>\n\n\n\n<div class=\"wp-block-group is-nowrap is-layout-flex wp-container-core-group-is-layout-3a88641f wp-block-group-is-layout-flex\">\n<h2 class=\"wp-block-heading has-base-color has-text-color has-background has-link-color has-large-font-size wp-elements-1ba1572686184a29e795adc781d91c2f\" style=\"border-radius:25px;background:linear-gradient(300deg,rgb(117,158,46) 0%,rgb(153,202,58) 100%);margin-top:-50px;margin-left:var(--wp--preset--spacing--30);padding-top:var(--wp--preset--spacing--20);padding-right:var(--wp--preset--spacing--30);padding-bottom:var(--wp--preset--spacing--20);padding-left:var(--wp--preset--spacing--30)\" data-aos=\"zoom-in\" data-aos-delay=\"200\" data-aos-duration=\"200\" data-aos-offset=\"50\">Seed\/Ready Lawn<\/h2>\n<\/div>\n<\/div><a href=\"https:\/\/crophealthab.com\/en\/?page_id=291\" class=\"kb-section-link-overlay\"><\/a><\/div>\n\n\n\n<div class=\"wp-block-kadence-column kadence-column189_a21c05-3d kb-section-has-link hvr-bob\"><div class=\"kt-inside-inner-col\">\n<figure class=\"wp-block-image size-full has-custom-border\" data-aos=\"fade-up\" data-aos-duration=\"500\" data-aos-offset=\"50\"><img loading=\"lazy\" decoding=\"async\" width=\"507\" height=\"634\" src=\"https:\/\/crophealthab.com\/wp-content\/uploads\/2026\/01\/Specialprodukter-2.jpg\" alt=\"\" class=\"wp-image-2309\" style=\"border-radius:25px\" srcset=\"https:\/\/crophealthab.com\/wp-content\/uploads\/2026\/01\/Specialprodukter-2.jpg 507w, https:\/\/crophealthab.com\/wp-content\/uploads\/2026\/01\/Specialprodukter-2-240x300.jpg 240w\" sizes=\"auto, (max-width: 507px) 100vw, 507px\" \/><\/figure>\n\n\n\n<div class=\"wp-block-group is-nowrap is-layout-flex wp-container-core-group-is-layout-3a88641f wp-block-group-is-layout-flex\">\n<h2 class=\"wp-block-heading has-base-color has-text-color has-background has-link-color has-large-font-size wp-elements-933e98f65ee293390424a987fcaf8644\" style=\"border-radius:25px;background:linear-gradient(300deg,rgb(117,158,46) 0%,rgb(153,202,58) 100%);margin-top:-50px;margin-left:var(--wp--preset--spacing--30);padding-top:var(--wp--preset--spacing--20);padding-right:var(--wp--preset--spacing--30);padding-bottom:var(--wp--preset--spacing--20);padding-left:var(--wp--preset--spacing--30)\" data-aos=\"zoom-in\" data-aos-delay=\"200\" data-aos-duration=\"200\" data-aos-offset=\"50\">Special products<\/h2>\n<\/div>\n<\/div><a href=\"https:\/\/crophealthab.com\/en\/?cat=28\" class=\"kb-section-link-overlay\"><\/a><\/div>\n\n\n\n<div class=\"wp-block-kadence-column kadence-column189_442c0d-81 kb-section-has-link hvr-bob\"><div class=\"kt-inside-inner-col\">\n<figure class=\"wp-block-image size-large has-custom-border\" data-aos=\"fade-up\" data-aos-duration=\"500\" data-aos-offset=\"50\"><img loading=\"lazy\" decoding=\"async\" width=\"819\" height=\"1024\" src=\"https:\/\/crophealthab.com\/wp-content\/uploads\/2025\/08\/Attraxor-819x1024.jpg\" alt=\"\" class=\"wp-image-525\" style=\"border-radius:25px\" srcset=\"https:\/\/crophealthab.com\/wp-content\/uploads\/2025\/08\/Attraxor-819x1024.jpg 819w, https:\/\/crophealthab.com\/wp-content\/uploads\/2025\/08\/Attraxor-240x300.jpg 240w, https:\/\/crophealthab.com\/wp-content\/uploads\/2025\/08\/Attraxor-768x960.jpg 768w, https:\/\/crophealthab.com\/wp-content\/uploads\/2025\/08\/Attraxor-1229x1536.jpg 1229w, https:\/\/crophealthab.com\/wp-content\/uploads\/2025\/08\/Attraxor.jpg 1536w\" sizes=\"auto, (max-width: 819px) 100vw, 819px\" \/><\/figure>\n\n\n\n<div class=\"wp-block-group is-nowrap is-layout-flex wp-container-core-group-is-layout-3a88641f wp-block-group-is-layout-flex\">\n<h2 class=\"wp-block-heading has-base-color has-text-color has-background has-link-color has-large-font-size wp-elements-fd4add4f5d0798e6983dffa3961d5380\" style=\"border-radius:25px;background:linear-gradient(300deg,rgb(117,158,46) 0%,rgb(153,202,58) 100%);margin-top:-50px;margin-left:var(--wp--preset--spacing--30);padding-top:var(--wp--preset--spacing--20);padding-right:var(--wp--preset--spacing--30);padding-bottom:var(--wp--preset--spacing--20);padding-left:var(--wp--preset--spacing--30)\" data-aos=\"zoom-in\" data-aos-delay=\"200\" data-aos-duration=\"200\" data-aos-offset=\"50\">Chemical products<\/h2>\n<\/div>\n<\/div><a href=\"https:\/\/crophealthab.com\/en\/?cat=27\" class=\"kb-section-link-overlay\"><\/a><\/div>\n\n\n\n<div class=\"wp-block-kadence-column kadence-column189_d17710-df kb-section-has-link hvr-bob\"><div class=\"kt-inside-inner-col\">\n<figure class=\"wp-block-image size-large has-custom-border\" data-aos=\"fade-up\" data-aos-duration=\"500\" data-aos-offset=\"50\"><img loading=\"lazy\" decoding=\"async\" width=\"819\" height=\"1024\" src=\"https:\/\/crophealthab.com\/wp-content\/uploads\/2025\/07\/Ninja-819x1024.jpg\" alt=\"\" class=\"wp-image-409\" style=\"border-radius:25px\" srcset=\"https:\/\/crophealthab.com\/wp-content\/uploads\/2025\/07\/Ninja-819x1024.jpg 819w, https:\/\/crophealthab.com\/wp-content\/uploads\/2025\/07\/Ninja-240x300.jpg 240w, https:\/\/crophealthab.com\/wp-content\/uploads\/2025\/07\/Ninja-768x960.jpg 768w, https:\/\/crophealthab.com\/wp-content\/uploads\/2025\/07\/Ninja-1229x1536.jpg 1229w, https:\/\/crophealthab.com\/wp-content\/uploads\/2025\/07\/Ninja.jpg 1536w\" sizes=\"auto, (max-width: 819px) 100vw, 819px\" \/><\/figure>\n\n\n\n<div class=\"wp-block-group is-nowrap is-layout-flex wp-container-core-group-is-layout-3a88641f wp-block-group-is-layout-flex\">\n<h2 class=\"wp-block-heading has-base-color has-text-color has-background has-link-color has-large-font-size wp-elements-9e9114ea97248472e00fda3be6965399\" style=\"border-style:none;border-width:0px;border-radius:25px;background:linear-gradient(300deg,rgb(117,158,46) 0%,rgb(153,202,58) 100%);margin-top:-50px;margin-left:var(--wp--preset--spacing--30);padding-top:var(--wp--preset--spacing--20);padding-right:var(--wp--preset--spacing--30);padding-bottom:var(--wp--preset--spacing--20);padding-left:var(--wp--preset--spacing--30)\" data-aos=\"zoom-in\" data-aos-delay=\"200\" data-aos-duration=\"200\" data-aos-offset=\"50\">Equipment<\/h2>\n<\/div>\n<\/div><a href=\"https:\/\/crophealthab.com\/en\/?cat=24\" class=\"kb-section-link-overlay\"><\/a><\/div>\n\n<\/div><\/div><\/div>\n<\/div>","protected":false},"excerpt":{"rendered":"<p>Vi erbjuder noggrant utvalda produkter f\u00f6r professionell sk\u00f6tsel av gr\u00f6nytor \u2013 fr\u00e5n g\u00f6dsling och fr\u00f6 till utrustning, kem- och specialprodukter. Allt f\u00f6r att st\u00e4rka plantan, f\u00f6rb\u00e4ttra jordh\u00e4lsan och skapa h\u00e5llbara resultat \u00e5ret runt. G\u00f6dsling Fr\u00f6\/F\u00e4rdigt Gr\u00e4s Specialprodukter Kemprodukter Utrustning<\/p>","protected":false},"author":1,"featured_media":0,"parent":0,"menu_order":0,"comment_status":"closed","ping_status":"closed","template":"produktkategori","meta":{"_crdt_document":"","footnotes":""},"class_list":["post-189","page","type-page","status-publish","hentry"],"_links":{"self":[{"href":"https:\/\/crophealthab.com\/en\/wp-json\/wp\/v2\/pages\/189","targetHints":{"allow":["GET"]}}],"collection":[{"href":"https:\/\/crophealthab.com\/en\/wp-json\/wp\/v2\/pages"}],"about":[{"href":"https:\/\/crophealthab.com\/en\/wp-json\/wp\/v2\/types\/page"}],"author":[{"embeddable":true,"href":"https:\/\/crophealthab.com\/en\/wp-json\/wp\/v2\/users\/1"}],"replies":[{"embeddable":true,"href":"https:\/\/crophealthab.com\/en\/wp-json\/wp\/v2\/comments?post=189"}],"version-history":[{"count":3,"href":"https:\/\/crophealthab.com\/en\/wp-json\/wp\/v2\/pages\/189\/revisions"}],"predecessor-version":[{"id":2311,"href":"https:\/\/crophealthab.com\/en\/wp-json\/wp\/v2\/pages\/189\/revisions\/2311"}],"wp:attachment":[{"href":"https:\/\/crophealthab.com\/en\/wp-json\/wp\/v2\/media?parent=189"}],"curies":[{"name":"wp","href":"https:\/\/api.w.org\/{rel}","templated":true}]}}